{"id":6426,"date":"2024-01-11T06:57:07","date_gmt":"2024-01-11T06:57:07","guid":{"rendered":"https:\/\/test-themenreisen-eutech-wordpress.rz.mup-digital.com\/?page_id=6426"},"modified":"2024-11-04T22:15:56","modified_gmt":"2024-11-04T21:15:56","slug":"eutech-themenreisen-registration-form-german","status":"publish","type":"page","link":"https:\/\/test-themenreisen-eutech-wordpress.rz.mup-digital.com\/en\/eutech-themenreisen-registration-form-german\/","title":{"rendered":"EUTECH Theme Travel Registration Form - German"},"content":{"rendered":"<div data-elementor-type=\"wp-page\" data-elementor-id=\"6426\" class=\"elementor elementor-6426\">\n\t\t\t\t\t\t<section class=\"elementor-section elementor-top-section elementor-element elementor-element-66416b74 elementor-section-full_width elementor-section-height-default elementor-section-height-default\" data-id=\"66416b74\" data-element_type=\"section\" data-settings=\"{&quot;background_background&quot;:&quot;classic&quot;}\">\n\t\t\t\t\t\t\t<div class=\"elementor-background-overlay\"><\/div>\n\t\t\t\t\t\t\t<div class=\"elementor-container elementor-column-gap-default\">\n\t\t\t\t\t<div class=\"elementor-column elementor-col-50 elementor-top-column elementor-element elementor-element-4ac723a4\" data-id=\"4ac723a4\" data-element_type=\"column\">\n\t\t\t<div class=\"elementor-widget-wrap elementor-element-populated\">\n\t\t\t\t\t\t<div class=\"elementor-element elementor-element-17935d9a elementor-widget elementor-widget-image\" data-id=\"17935d9a\" data-element_type=\"widget\" data-widget_type=\"image.default\">\n\t\t\t\t<div class=\"elementor-widget-container\">\n\t\t\t\t\t\t\t\t\t\t\t\t\t<img fetchpriority=\"high\" decoding=\"async\" width=\"800\" height=\"250\" src=\"https:\/\/test-themenreisen-eutech-wordpress.rz.mup-digital.com\/wp-content\/uploads\/2023\/09\/Event-Logo-Competitvness-through-Sustainability-e1690196510670-1024x320.png\" class=\"attachment-large size-large wp-image-4187\" alt=\"Event-Logo-Competitvness-through-Sustainability-e1690196510670.png\" srcset=\"https:\/\/test-themenreisen-eutech-wordpress.rz.mup-digital.com\/wp-content\/uploads\/2023\/09\/Event-Logo-Competitvness-through-Sustainability-e1690196510670-1024x320.png 1024w, https:\/\/test-themenreisen-eutech-wordpress.rz.mup-digital.com\/wp-content\/uploads\/2023\/09\/Event-Logo-Competitvness-through-Sustainability-e1690196510670-600x187.png 600w, https:\/\/test-themenreisen-eutech-wordpress.rz.mup-digital.com\/wp-content\/uploads\/2023\/09\/Event-Logo-Competitvness-through-Sustainability-e1690196510670-300x94.png 300w, https:\/\/test-themenreisen-eutech-wordpress.rz.mup-digital.com\/wp-content\/uploads\/2023\/09\/Event-Logo-Competitvness-through-Sustainability-e1690196510670-768x240.png 768w, https:\/\/test-themenreisen-eutech-wordpress.rz.mup-digital.com\/wp-content\/uploads\/2023\/09\/Event-Logo-Competitvness-through-Sustainability-e1690196510670-1536x480.png 1536w, https:\/\/test-themenreisen-eutech-wordpress.rz.mup-digital.com\/wp-content\/uploads\/2023\/09\/Event-Logo-Competitvness-through-Sustainability-e1690196510670-18x6.png 18w, https:\/\/test-themenreisen-eutech-wordpress.rz.mup-digital.com\/wp-content\/uploads\/2023\/09\/Event-Logo-Competitvness-through-Sustainability-e1690196510670.png 1553w\" sizes=\"(max-width: 800px) 100vw, 800px\" \/>\t\t\t\t\t\t\t\t\t\t\t\t\t<\/div>\n\t\t\t\t<\/div>\n\t\t\t\t<div class=\"elementor-element elementor-element-5048d7bd elementor-widget elementor-widget-heading\" data-id=\"5048d7bd\" data-element_type=\"widget\" data-widget_type=\"heading.default\">\n\t\t\t\t<div class=\"elementor-widget-container\">\n\t\t\t<h5 class=\"elementor-heading-title elementor-size-default\">Competitiveness through sustainability<\/h5>\t\t<\/div>\n\t\t\t\t<\/div>\n\t\t\t\t<div class=\"elementor-element elementor-element-2dff81c elementor-widget elementor-widget-heading\" data-id=\"2dff81c\" data-element_type=\"widget\" data-widget_type=\"heading.default\">\n\t\t\t\t<div class=\"elementor-widget-container\">\n\t\t\t<h1 class=\"elementor-heading-title elementor-size-default\">EUTECH Partner Discount Request<\/h1>\t\t<\/div>\n\t\t\t\t<\/div>\n\t\t\t\t<div class=\"elementor-element elementor-element-687b653a elementor-icon-list--layout-traditional elementor-list-item-link-full_width elementor-widget elementor-widget-icon-list\" data-id=\"687b653a\" data-element_type=\"widget\" data-widget_type=\"icon-list.default\">\n\t\t\t\t<div class=\"elementor-widget-container\">\n\t\t\t\t\t<ul class=\"elementor-icon-list-items\">\n\t\t\t\t\t\t\t<li class=\"elementor-icon-list-item\">\n\t\t\t\t\t\t\t\t\t\t\t<span class=\"elementor-icon-list-icon\">\n\t\t\t\t\t\t\t<i aria-hidden=\"true\" class=\"far fa-arrow-alt-circle-right\"><\/i>\t\t\t\t\t\t<\/span>\n\t\t\t\t\t\t\t\t\t\t<span class=\"elementor-icon-list-text\">Please fill in all fields for your registration.<\/span>\n\t\t\t\t\t\t\t\t\t<\/li>\n\t\t\t\t\t\t\t\t<li class=\"elementor-icon-list-item\">\n\t\t\t\t\t\t\t\t\t\t\t<span class=\"elementor-icon-list-icon\">\n\t\t\t\t\t\t\t<i aria-hidden=\"true\" class=\"far fa-arrow-alt-circle-right\"><\/i>\t\t\t\t\t\t<\/span>\n\t\t\t\t\t\t\t\t\t\t<span class=\"elementor-icon-list-text\">Please choose carefully whether you would like to participate LIVE or ONLINE.<\/span>\n\t\t\t\t\t\t\t\t\t<\/li>\n\t\t\t\t\t\t\t\t<li class=\"elementor-icon-list-item\">\n\t\t\t\t\t\t\t\t\t\t\t<span class=\"elementor-icon-list-icon\">\n\t\t\t\t\t\t\t<i aria-hidden=\"true\" class=\"far fa-arrow-alt-circle-right\"><\/i>\t\t\t\t\t\t<\/span>\n\t\t\t\t\t\t\t\t\t\t<span class=\"elementor-icon-list-text\">Please note that your registration will be registered per EVENT.<\/span>\n\t\t\t\t\t\t\t\t\t<\/li>\n\t\t\t\t\t\t<\/ul>\n\t\t\t\t<\/div>\n\t\t\t\t<\/div>\n\t\t\t\t\t<\/div>\n\t\t<\/div>\n\t\t\t\t<div class=\"elementor-column elementor-col-50 elementor-top-column elementor-element elementor-element-eb8fe7\" data-id=\"eb8fe7\" data-element_type=\"column\" data-settings=\"{&quot;background_background&quot;:&quot;gradient&quot;}\">\n\t\t\t<div class=\"elementor-widget-wrap elementor-element-populated\">\n\t\t\t\t\t\t<div class=\"elementor-element elementor-element-5d39984f elementor-widget__width-inherit elementor-widget elementor-widget-jet-engine-booking-form\" data-id=\"5d39984f\" data-element_type=\"widget\" data-widget_type=\"jet-engine-booking-form.default\">\n\t\t\t\t<div class=\"elementor-widget-container\">\n\t\t\t<form  class=\"jet-form layout-column submit-type-reload\" action=\"\/en\/wp-json\/wp\/v2\/pages\/6426?jet_engine_action=book&#038;nocache=1778660560\" method=\"POST\" data-form-id=\"6396\" data-trp-original-action=\"\/en\/wp-json\/wp\/v2\/pages\/6426?jet_engine_action=book&nocache=1778660560\"><input class=\"jet-form__field hidden-field\" type=\"hidden\" name=\"_jet_engine_booking_form_id\" value=\"6396\" data-field-name=\"_jet_engine_booking_form_id\"><input class=\"jet-form__field hidden-field\" type=\"hidden\" name=\"_jet_engine_refer\" value=\"https:\/\/test-themenreisen-eutech-wordpress.rz.mup-digital.com\/en\/wp-json\/wp\/v2\/pages\/6426\" data-field-name=\"_jet_engine_refer\"><div  class=\"jet-form-row jet-form-row--hidden\"><div class=\"jet-form-col jet-form-col-12  field-type-hidden  jet-form-field-container\" data-field=\"post_id\" data-conditional=\"false\"><input class=\"jet-form__field hidden-field\" type=\"hidden\" name=\"post_id\" value=\"6426\" data-field-name=\"post_id\"><\/div><\/div><div  class=\"jet-form-row jet-form-row--hidden\"><div class=\"jet-form-col jet-form-col-12  field-type-hidden  jet-form-field-container\" data-field=\"event_name\" data-conditional=\"false\"><input class=\"jet-form__field hidden-field\" type=\"hidden\" name=\"event_name\" value=\"EUTECH Themenreisen Kiel\" data-field-name=\"event_name\"><\/div><\/div><div  class=\"jet-form-row jet-form-row--first-visible\"><div class=\"jet-form-col jet-form-col-6  field-type-text  jet-form-field-container\" data-field=\"first_name\" data-conditional=\"false\"><div class=\"jet-form__label\">\n\t<span class=\"jet-form__label-text\" >First name<span class=\"jet-form__required\">*<\/span><\/span>\n\t<\/div><input class=\"jet-form__field text-field\" value=\"\" required=\"required\" name=\"first_name\" id=\"first_name\" type=\"text\" data-field-name=\"first_name\"><\/div><div class=\"jet-form-col jet-form-col-6  field-type-text  jet-form-field-container\" data-field=\"last_name\" data-conditional=\"false\"><div class=\"jet-form__label\">\n\t<span class=\"jet-form__label-text\" >Last name<span class=\"jet-form__required\">*<\/span><\/span>\n\t<\/div><input class=\"jet-form__field text-field\" value=\"\" required=\"required\" name=\"last_name\" id=\"last_name\" type=\"text\" data-field-name=\"last_name\"><\/div><\/div><div  class=\"jet-form-row\"><div class=\"jet-form-col jet-form-col-6  field-type-text  jet-form-field-container\" data-field=\"email\" data-conditional=\"false\"><div class=\"jet-form__label\">\n\t<span class=\"jet-form__label-text\" >E-mail address<span class=\"jet-form__required\">*<\/span><\/span>\n\t<\/div><input class=\"jet-form__field text-field\" value=\"\" required=\"required\" name=\"email\" id=\"email\" type=\"text\" data-field-name=\"email\"><\/div><div class=\"jet-form-col jet-form-col-6  field-type-text  jet-form-field-container\" data-field=\"company\" data-conditional=\"false\"><div class=\"jet-form__label\">\n\t<span class=\"jet-form__label-text\" >Company<span class=\"jet-form__required\">*<\/span><\/span>\n\t<\/div><input class=\"jet-form__field text-field\" value=\"\" required=\"required\" name=\"company\" id=\"company\" type=\"text\" data-field-name=\"company\"><\/div><\/div><div  class=\"jet-form-row\"><div class=\"jet-form-col jet-form-col-12  field-type-text  jet-form-field-container\" data-field=\"advocate_no\" data-conditional=\"false\"><div class=\"jet-form__label\">\n\t<span class=\"jet-form__label-text\" >Partner number<span class=\"jet-form__required\">*<\/span><\/span>\n\t<\/div><input class=\"jet-form__field text-field\" value=\"\" required=\"required\" name=\"advocate_no\" id=\"advocate_no\" type=\"text\" data-field-name=\"advocate_no\"><\/div><\/div><div  class=\"jet-form-row\"><div class=\"jet-form-col jet-form-col-12  field-type-textarea  jet-form-field-container\" data-field=\"additional_comments\" data-conditional=\"false\"><div class=\"jet-form__label\">\n\t<span class=\"jet-form__label-text\" >Additional remarks<\/span>\n\t<\/div><textarea class=\"jet-form__field textarea-field\" name=\"additional_comments\" data-field-name=\"additional_comments\" id=\"additional_comments\"><\/textarea><\/div><\/div><div  class=\"jet-form-row jet-form-row--submit\"><div class=\"jet-form-col jet-form-col-12  field-type-submit  jet-form-field-container\" data-field=\"Submit\" data-conditional=\"false\"><div class=\"jet-form__submit-wrap\">\n\t\t<button class=\"jet-form__submit submit-type-reload\" type=\"submit\">Request registration<\/button>\n<\/div><\/div><\/div><input class=\"jet-form__field hidden-field\" type=\"hidden\" name=\"_jet_engine_nonce\" value=\"7f4d4ee1ff\" data-field-name=\"_jet_engine_nonce\"><input type=\"hidden\" name=\"trp-form-language\" value=\"en\"\/><\/form>\t\t<\/div>\n\t\t\t\t<\/div>\n\t\t\t\t\t<\/div>\n\t\t<\/div>\n\t\t\t\t\t<\/div>\n\t\t<\/section>\n\t\t\t\t<\/div>","protected":false},"excerpt":{"rendered":"<p>Competitiveness through sustainability EUTECH Partner Discount Request Please fill in all fields for your registration. Please choose carefully if you want to participate LIVE or ONLINE. Please note that your registration will be registered per EVENT. First name* Last name* E-mail address* Company* Partner number* Additional remarks Request registration<\/p>","protected":false},"author":5,"featured_media":0,"parent":0,"menu_order":0,"comment_status":"closed","ping_status":"closed","template":"","meta":{"rank_math_lock_modified_date":false,"footnotes":""},"class_list":["post-6426","page","type-page","status-publish","hentry"],"yoast_head":"<!-- This site is optimized with the Yoast SEO plugin v23.8 - https:\/\/yoast.com\/wordpress\/plugins\/seo\/ -->\n<title>EUTECH Themenreisen Registration Form - German - Themenreisen EUTECH<\/title>\n<meta name=\"robots\" content=\"noindex, follow, max-snippet:-1, max-image-preview:large, max-video-preview:-1\" \/>\n<meta property=\"og:locale\" content=\"en_GB\" \/>\n<meta property=\"og:type\" content=\"article\" \/>\n<meta property=\"og:title\" content=\"EUTECH Themenreisen Registration Form - German - Themenreisen EUTECH\" \/>\n<meta property=\"og:description\" content=\"Wettbewerbsf\u00e4higkeit durch Nachhaltigkeit EUTECH Partner Rabatt Beantragen Bitte f\u00fcllen Sie alle Felder f\u00fcr Ihre Anmeldung aus. Bitte w\u00e4hlen Sie sorgf\u00e4ltig ob Sie LIVE oder ONLINE teilnehmen m\u00f6chten. Bitte beachten Sie, dass Ihre Anmeldung pro EVENT registriert wird. Vorname* Nachname* E-mail Adresse* Firma* Partner-Nummer* Zus\u00e4tzliche Bemerkungen Anmeldung anfordern\" \/>\n<meta property=\"og:url\" content=\"http:\/\/test-themenreisen-eutech-wordpress.rz.mup-digital.com\/en\/eutech-themenreisen-registration-form-german\/\" \/>\n<meta property=\"og:site_name\" content=\"Themenreisen EUTECH\" \/>\n<meta property=\"article:modified_time\" content=\"2024-11-04T21:15:56+00:00\" \/>\n<meta property=\"og:image\" content=\"https:\/\/test-themenreisen-eutech-wordpress.rz.mup-digital.com\/wp-content\/uploads\/2023\/09\/Event-Logo-Competitvness-through-Sustainability-e1690196510670-1024x320.png\" \/>\n<meta name=\"twitter:card\" content=\"summary_large_image\" \/>\n<script type=\"application\/ld+json\" class=\"yoast-schema-graph\">{\"@context\":\"https:\/\/schema.org\",\"@graph\":[{\"@type\":\"WebPage\",\"@id\":\"http:\/\/test-themenreisen-eutech-wordpress.rz.mup-digital.com\/en\/eutech-themenreisen-registration-form-german\/\",\"url\":\"http:\/\/test-themenreisen-eutech-wordpress.rz.mup-digital.com\/en\/eutech-themenreisen-registration-form-german\/\",\"name\":\"EUTECH Themenreisen Registration Form - German - Themenreisen EUTECH\",\"isPartOf\":{\"@id\":\"https:\/\/test-themenreisen-eutech-wordpress.rz.mup-digital.com\/#website\"},\"primaryImageOfPage\":{\"@id\":\"http:\/\/test-themenreisen-eutech-wordpress.rz.mup-digital.com\/en\/eutech-themenreisen-registration-form-german\/#primaryimage\"},\"image\":{\"@id\":\"http:\/\/test-themenreisen-eutech-wordpress.rz.mup-digital.com\/en\/eutech-themenreisen-registration-form-german\/#primaryimage\"},\"thumbnailUrl\":\"https:\/\/test-themenreisen-eutech-wordpress.rz.mup-digital.com\/wp-content\/uploads\/2023\/09\/Event-Logo-Competitvness-through-Sustainability-e1690196510670-1024x320.png\",\"datePublished\":\"2024-01-11T06:57:07+00:00\",\"dateModified\":\"2024-11-04T21:15:56+00:00\",\"breadcrumb\":{\"@id\":\"http:\/\/test-themenreisen-eutech-wordpress.rz.mup-digital.com\/en\/eutech-themenreisen-registration-form-german\/#breadcrumb\"},\"inLanguage\":\"en-GB\",\"potentialAction\":[{\"@type\":\"ReadAction\",\"target\":[\"http:\/\/test-themenreisen-eutech-wordpress.rz.mup-digital.com\/en\/eutech-themenreisen-registration-form-german\/\"]}]},{\"@type\":\"ImageObject\",\"inLanguage\":\"en-GB\",\"@id\":\"http:\/\/test-themenreisen-eutech-wordpress.rz.mup-digital.com\/en\/eutech-themenreisen-registration-form-german\/#primaryimage\",\"url\":\"https:\/\/test-themenreisen-eutech-wordpress.rz.mup-digital.com\/wp-content\/uploads\/2023\/09\/Event-Logo-Competitvness-through-Sustainability-e1690196510670-1024x320.png\",\"contentUrl\":\"https:\/\/test-themenreisen-eutech-wordpress.rz.mup-digital.com\/wp-content\/uploads\/2023\/09\/Event-Logo-Competitvness-through-Sustainability-e1690196510670-1024x320.png\"},{\"@type\":\"BreadcrumbList\",\"@id\":\"http:\/\/test-themenreisen-eutech-wordpress.rz.mup-digital.com\/en\/eutech-themenreisen-registration-form-german\/#breadcrumb\",\"itemListElement\":[{\"@type\":\"ListItem\",\"position\":1,\"name\":\"Home\",\"item\":\"https:\/\/test-themenreisen-eutech-wordpress.rz.mup-digital.com\/\"},{\"@type\":\"ListItem\",\"position\":2,\"name\":\"EUTECH Themenreisen Registration Form &#8211; German\"}]},{\"@type\":\"WebSite\",\"@id\":\"https:\/\/test-themenreisen-eutech-wordpress.rz.mup-digital.com\/#website\",\"url\":\"https:\/\/test-themenreisen-eutech-wordpress.rz.mup-digital.com\/\",\"name\":\"Themenreisen EUTECH\",\"description\":\"\",\"potentialAction\":[{\"@type\":\"SearchAction\",\"target\":{\"@type\":\"EntryPoint\",\"urlTemplate\":\"https:\/\/test-themenreisen-eutech-wordpress.rz.mup-digital.com\/?s={search_term_string}\"},\"query-input\":{\"@type\":\"PropertyValueSpecification\",\"valueRequired\":true,\"valueName\":\"search_term_string\"}}],\"inLanguage\":\"en-GB\"}]}<\/script>\n<!-- \/ Yoast SEO plugin. -->","yoast_head_json":{"title":"EUTECH Themenreisen Registration Form - German - Themenreisen EUTECH","robots":{"index":"noindex","follow":"follow","max-snippet":"max-snippet:-1","max-image-preview":"max-image-preview:large","max-video-preview":"max-video-preview:-1"},"og_locale":"en_GB","og_type":"article","og_title":"EUTECH Themenreisen Registration Form - German - Themenreisen EUTECH","og_description":"Wettbewerbsf\u00e4higkeit durch Nachhaltigkeit EUTECH Partner Rabatt Beantragen Bitte f\u00fcllen Sie alle Felder f\u00fcr Ihre Anmeldung aus. Bitte w\u00e4hlen Sie sorgf\u00e4ltig ob Sie LIVE oder ONLINE teilnehmen m\u00f6chten. Bitte beachten Sie, dass Ihre Anmeldung pro EVENT registriert wird. Vorname* Nachname* E-mail Adresse* Firma* Partner-Nummer* Zus\u00e4tzliche Bemerkungen Anmeldung anfordern","og_url":"http:\/\/test-themenreisen-eutech-wordpress.rz.mup-digital.com\/en\/eutech-themenreisen-registration-form-german\/","og_site_name":"Themenreisen EUTECH","article_modified_time":"2024-11-04T21:15:56+00:00","og_image":[{"url":"https:\/\/test-themenreisen-eutech-wordpress.rz.mup-digital.com\/wp-content\/uploads\/2023\/09\/Event-Logo-Competitvness-through-Sustainability-e1690196510670-1024x320.png"}],"twitter_card":"summary_large_image","schema":{"@context":"https:\/\/schema.org","@graph":[{"@type":"WebPage","@id":"http:\/\/test-themenreisen-eutech-wordpress.rz.mup-digital.com\/en\/eutech-themenreisen-registration-form-german\/","url":"http:\/\/test-themenreisen-eutech-wordpress.rz.mup-digital.com\/en\/eutech-themenreisen-registration-form-german\/","name":"EUTECH Themenreisen Registration Form - German - Themenreisen EUTECH","isPartOf":{"@id":"https:\/\/test-themenreisen-eutech-wordpress.rz.mup-digital.com\/#website"},"primaryImageOfPage":{"@id":"http:\/\/test-themenreisen-eutech-wordpress.rz.mup-digital.com\/en\/eutech-themenreisen-registration-form-german\/#primaryimage"},"image":{"@id":"http:\/\/test-themenreisen-eutech-wordpress.rz.mup-digital.com\/en\/eutech-themenreisen-registration-form-german\/#primaryimage"},"thumbnailUrl":"https:\/\/test-themenreisen-eutech-wordpress.rz.mup-digital.com\/wp-content\/uploads\/2023\/09\/Event-Logo-Competitvness-through-Sustainability-e1690196510670-1024x320.png","datePublished":"2024-01-11T06:57:07+00:00","dateModified":"2024-11-04T21:15:56+00:00","breadcrumb":{"@id":"http:\/\/test-themenreisen-eutech-wordpress.rz.mup-digital.com\/en\/eutech-themenreisen-registration-form-german\/#breadcrumb"},"inLanguage":"en-GB","potentialAction":[{"@type":"ReadAction","target":["http:\/\/test-themenreisen-eutech-wordpress.rz.mup-digital.com\/en\/eutech-themenreisen-registration-form-german\/"]}]},{"@type":"ImageObject","inLanguage":"en-GB","@id":"http:\/\/test-themenreisen-eutech-wordpress.rz.mup-digital.com\/en\/eutech-themenreisen-registration-form-german\/#primaryimage","url":"https:\/\/test-themenreisen-eutech-wordpress.rz.mup-digital.com\/wp-content\/uploads\/2023\/09\/Event-Logo-Competitvness-through-Sustainability-e1690196510670-1024x320.png","contentUrl":"https:\/\/test-themenreisen-eutech-wordpress.rz.mup-digital.com\/wp-content\/uploads\/2023\/09\/Event-Logo-Competitvness-through-Sustainability-e1690196510670-1024x320.png"},{"@type":"BreadcrumbList","@id":"http:\/\/test-themenreisen-eutech-wordpress.rz.mup-digital.com\/en\/eutech-themenreisen-registration-form-german\/#breadcrumb","itemListElement":[{"@type":"ListItem","position":1,"name":"Home","item":"https:\/\/test-themenreisen-eutech-wordpress.rz.mup-digital.com\/"},{"@type":"ListItem","position":2,"name":"EUTECH Themenreisen Registration Form &#8211; German"}]},{"@type":"WebSite","@id":"https:\/\/test-themenreisen-eutech-wordpress.rz.mup-digital.com\/#website","url":"https:\/\/test-themenreisen-eutech-wordpress.rz.mup-digital.com\/","name":"Themenreisen EUTECH","description":"","potentialAction":[{"@type":"SearchAction","target":{"@type":"EntryPoint","urlTemplate":"https:\/\/test-themenreisen-eutech-wordpress.rz.mup-digital.com\/?s={search_term_string}"},"query-input":{"@type":"PropertyValueSpecification","valueRequired":true,"valueName":"search_term_string"}}],"inLanguage":"en-GB"}]}},"_links":{"self":[{"href":"https:\/\/test-themenreisen-eutech-wordpress.rz.mup-digital.com\/en\/wp-json\/wp\/v2\/pages\/6426","targetHints":{"allow":["GET"]}}],"collection":[{"href":"https:\/\/test-themenreisen-eutech-wordpress.rz.mup-digital.com\/en\/wp-json\/wp\/v2\/pages"}],"about":[{"href":"https:\/\/test-themenreisen-eutech-wordpress.rz.mup-digital.com\/en\/wp-json\/wp\/v2\/types\/page"}],"author":[{"embeddable":true,"href":"https:\/\/test-themenreisen-eutech-wordpress.rz.mup-digital.com\/en\/wp-json\/wp\/v2\/users\/5"}],"replies":[{"embeddable":true,"href":"https:\/\/test-themenreisen-eutech-wordpress.rz.mup-digital.com\/en\/wp-json\/wp\/v2\/comments?post=6426"}],"version-history":[{"count":10,"href":"https:\/\/test-themenreisen-eutech-wordpress.rz.mup-digital.com\/en\/wp-json\/wp\/v2\/pages\/6426\/revisions"}],"predecessor-version":[{"id":11182,"href":"https:\/\/test-themenreisen-eutech-wordpress.rz.mup-digital.com\/en\/wp-json\/wp\/v2\/pages\/6426\/revisions\/11182"}],"wp:attachment":[{"href":"https:\/\/test-themenreisen-eutech-wordpress.rz.mup-digital.com\/en\/wp-json\/wp\/v2\/media?parent=6426"}],"curies":[{"name":"wp","href":"https:\/\/api.w.org\/{rel}","templated":true}]}}